{"id":690,"date":"2025-11-21T12:35:45","date_gmt":"2025-11-21T12:35:45","guid":{"rendered":"http:\/\/www.sitrack.com\/portal\/?page_id=690"},"modified":"2025-11-21T12:37:54","modified_gmt":"2025-11-21T12:37:54","slug":"politicas-de-calidad","status":"publish","type":"page","link":"https:\/\/www.sitrack.com\/portal\/politicas-de-calidad\/","title":{"rendered":"Pol\u00edticas de Calidad"},"content":{"rendered":"<p>[vc_row][vc_column][vc_column_text][\/vc_column_text][vc_column_text]<\/p>\n<h2>Pol\u00edtica de la Calidad:<\/h2>\n<p>Lograr la excelencia en la prestaci\u00f3n del servicio, siendo proactivos a las necesidades de nuestros clientes para obtener su satisfacci\u00f3n y fidelizaci\u00f3n total.<\/p>\n<p>Asumir los compromisos de cumplir con los requisitos normativos, cumplir y mejorar el sistema de gesti\u00f3n de la calidad y las actividades dirigidas a las partes interesadas, evaluando sistem\u00e1ticamente su grado de satisfacci\u00f3n, identificando sus necesidades y expectativas y mejorando la calidad de los servicios que se les brindan.<\/p>\n<p>Lograr una imagen s\u00f3lida, confiable, eficiente y de avanzada en tecnolog\u00eda, dentro del mercado de movimiento de informaci\u00f3n entre m\u00f3viles, en el concepto m\u00e1s amplio del mismo.<\/p>\n<p>Lograr efectividad y un buen ambiente de trabajo incentivando la creatividad e iniciativa del personal, promulgando la \u00e9tica, el profesionalismo y el trabajo en equipo.<\/p>\n<p>Establecer una estructura din\u00e1mica que permita la mejora continua del sistema de gesti\u00f3n de la calidad y acompa\u00f1e la evoluci\u00f3n del modelo de negocio de <span style=\"color: #0000ff;\"><strong><a class=\"ql-link\" style=\"color: #0000ff;\" href=\"http:\/\/Sitrack.com\" target=\"_blank\" rel=\"noopener noreferrer\">Sitrack.com<\/a><\/strong>.<\/span>[\/vc_column_text][\/vc_column][\/vc_row]<\/p>\n","protected":false},"excerpt":{"rendered":"<p>[vc_row][vc_column][vc_column_text][\/vc_column_text][vc_column_text] Pol\u00edtica de la Calidad: Lograr la excelencia en la prestaci\u00f3n del servicio, siendo proactivos a las necesidades de nuestros clientes para obtener su satisfacci\u00f3n y [&hellip;]<\/p>\n","protected":false},"author":9,"featured_media":0,"parent":0,"menu_order":0,"comment_status":"closed","ping_status":"closed","template":"","meta":[],"yoast_head":"<!-- This site is optimized with the Yoast SEO plugin v15.5 - https:\/\/yoast.com\/wordpress\/plugins\/seo\/ -->\n<title>Pol\u00edticas de Calidad - Sitrack<\/title>\n<meta name=\"robots\" content=\"index, follow, max-snippet:-1, max-image-preview:large, max-video-preview:-1\" \/>\n<link rel=\"canonical\" href=\"http:\/\/www.sitrack.com\/portal\/politicas-de-calidad\/\" \/>\n<meta property=\"og:locale\" content=\"es_ES\" \/>\n<meta property=\"og:type\" content=\"article\" \/>\n<meta property=\"og:title\" content=\"Pol\u00edticas de Calidad - Sitrack\" \/>\n<meta property=\"og:description\" content=\"[vc_row][vc_column][vc_column_text][\/vc_column_text][vc_column_text] Pol\u00edtica de la Calidad: Lograr la excelencia en la prestaci\u00f3n del servicio, siendo proactivos a las necesidades de nuestros clientes para obtener su satisfacci\u00f3n y [&hellip;]\" \/>\n<meta property=\"og:url\" content=\"http:\/\/www.sitrack.com\/portal\/politicas-de-calidad\/\" \/>\n<meta property=\"og:site_name\" content=\"Sitrack\" \/>\n<meta property=\"article:modified_time\" content=\"2025-11-21T12:37:54+00:00\" \/>\n<meta name=\"twitter:card\" content=\"summary\" \/>\n<meta name=\"twitter:label1\" content=\"Est. reading time\">\n\t<meta name=\"twitter:data1\" content=\"1 minute\">\n<script type=\"application\/ld+json\" class=\"yoast-schema-graph\">{\"@context\":\"https:\/\/schema.org\",\"@graph\":[{\"@type\":\"WebSite\",\"@id\":\"https:\/\/www.sitrack.com\/portal\/#website\",\"url\":\"https:\/\/www.sitrack.com\/portal\/\",\"name\":\"Sitrack\",\"description\":\"Soluciones Inteligentes\",\"potentialAction\":[{\"@type\":\"SearchAction\",\"target\":\"https:\/\/www.sitrack.com\/portal\/?s={search_term_string}\",\"query-input\":\"required name=search_term_string\"}],\"inLanguage\":\"es-CL\"},{\"@type\":\"WebPage\",\"@id\":\"http:\/\/www.sitrack.com\/portal\/politicas-de-calidad\/#webpage\",\"url\":\"http:\/\/www.sitrack.com\/portal\/politicas-de-calidad\/\",\"name\":\"Pol\\u00edticas de Calidad - Sitrack\",\"isPartOf\":{\"@id\":\"https:\/\/www.sitrack.com\/portal\/#website\"},\"datePublished\":\"2025-11-21T12:35:45+00:00\",\"dateModified\":\"2025-11-21T12:37:54+00:00\",\"inLanguage\":\"es-CL\",\"potentialAction\":[{\"@type\":\"ReadAction\",\"target\":[\"http:\/\/www.sitrack.com\/portal\/politicas-de-calidad\/\"]}]}]}<\/script>\n<!-- \/ Yoast SEO plugin. -->","_links":{"self":[{"href":"https:\/\/www.sitrack.com\/portal\/wp-json\/wp\/v2\/pages\/690"}],"collection":[{"href":"https:\/\/www.sitrack.com\/portal\/wp-json\/wp\/v2\/pages"}],"about":[{"href":"https:\/\/www.sitrack.com\/portal\/wp-json\/wp\/v2\/types\/page"}],"author":[{"embeddable":true,"href":"https:\/\/www.sitrack.com\/portal\/wp-json\/wp\/v2\/users\/9"}],"replies":[{"embeddable":true,"href":"https:\/\/www.sitrack.com\/portal\/wp-json\/wp\/v2\/comments?post=690"}],"version-history":[{"count":5,"href":"https:\/\/www.sitrack.com\/portal\/wp-json\/wp\/v2\/pages\/690\/revisions"}],"predecessor-version":[{"id":693,"href":"https:\/\/www.sitrack.com\/portal\/wp-json\/wp\/v2\/pages\/690\/revisions\/693"}],"wp:attachment":[{"href":"https:\/\/www.sitrack.com\/portal\/wp-json\/wp\/v2\/media?parent=690"}],"curies":[{"name":"wp","href":"https:\/\/api.w.org\/{rel}","templated":true}]}}