{"id":696,"date":"2025-11-21T12:54:01","date_gmt":"2025-11-21T12:54:01","guid":{"rendered":"http:\/\/www.sitrack.com\/portal\/?page_id=696"},"modified":"2025-11-21T12:54:29","modified_gmt":"2025-11-21T12:54:29","slug":"politicas-de-privacidad-de-app","status":"publish","type":"page","link":"https:\/\/www.sitrack.com\/portal\/politicas-de-privacidad-de-app\/","title":{"rendered":"Pol\u00edticas de Privacidad de App"},"content":{"rendered":"<p>[vc_row][vc_column][vc_column_text][\/vc_column_text][vc_column_text]<\/p>\n<h2 data-start=\"216\" data-end=\"424\"><strong>Pol\u00edticas de Privacidad de App<\/strong><\/h2>\n<p data-start=\"216\" data-end=\"424\"><strong data-start=\"216\" data-end=\"247\">Sitrack.com Argentina S.A.,<\/strong> con domicilio en Alsina No. 2250, en Godoy Cruz, Mendoza C\u00f3digo Postal 5501, en adelante \u201cSITRACK\u201d, se permite hacer de su debido conocimiento lo que a continuaci\u00f3n se precisa:<\/p>\n<p data-start=\"426\" data-end=\"1089\">\u201cSITRACK\u201d, de conformidad con las disposiciones legales previstas en la Ley Federal de Protecci\u00f3n de Datos Personales en Posesi\u00f3n de los Particulares, reconoce la importancia del tratamiento leg\u00edtimo, controlado e informado de sus datos personales y pone a su disposici\u00f3n el presente Aviso de Privacidad con la finalidad de que conozca las pr\u00e1cticas de \u201cSITRACK\u201d, al obtener, usar, divulgar o almacenar sus Datos Personales, los cuales ser\u00e1n tratados exclusivamente por el tiempo que sea necesario para cumplir con las finalidades descritas en el presente Aviso de Privacidad y desde luego de conformidad y en observancia de las disposiciones legales conducentes.<\/p>\n<hr data-start=\"1091\" data-end=\"1094\" \/>\n<h3 data-start=\"1096\" data-end=\"1181\">Finalidad y\/o Usos de los Datos Personales que recaba la app \u201cSITRACK MESSENGER\u201d.<\/h3>\n<p data-start=\"1183\" data-end=\"1754\">Se se\u00f1ala de manera expresa, que los datos personales, sensibles, los patrimoniales y\/o financieros que recabe \u201cSITRACK MESSENGER\u201d y se proporcionen a la solicitud de seguro o en cualquier otro documento o medio f\u00edsico o electr\u00f3nico que inclusive puedan ser obtenidos con posterioridad al inicio de la relaci\u00f3n jur\u00eddica, ser\u00e1n utilizados y tratados por \u201cSITRACK\u201d para cumplir principalmente con las obligaciones derivadas del propio negocio y de las obligaciones que genere tal relaci\u00f3n y de otros fines que dada su naturaleza se puedan considerar compatibles o an\u00e1logas.<\/p>\n<p data-start=\"1756\" data-end=\"2425\">As\u00ed mismo, secundariamente los Datos Personales aportados, podr\u00e1n ser utilizados para la creaci\u00f3n y administraci\u00f3n de su cuenta, el desarrollo de nuevos productos y servicios, para conocimiento del mercado y el desempe\u00f1o de la empresa dentro de \u00e9ste, para el seguimiento de las ventas con la finalidad de alcanzar la satisfacci\u00f3n del cliente, para efectos de cobranza y procesamiento de pagos, contrataci\u00f3n de seguros, protecci\u00f3n contra posibles transacciones fraudulentas, creaci\u00f3n y gesti\u00f3n de cartera de clientes, para envi\u00f3 de publicidad y promociones sobre los productos o servicios que otorga \u201cSITRACK\u201d de acuerdo a lo que considere son los intereses del cliente.<\/p>\n<hr data-start=\"2427\" data-end=\"2430\" \/>\n<h3 data-start=\"2432\" data-end=\"2473\">Comunicaci\u00f3n de los Datos Personales.<\/h3>\n<p data-start=\"2475\" data-end=\"3258\">Previa comunicaci\u00f3n del Aviso de Privacidad y acorde con las finalidades a que \u00e9l titular sujet\u00f3 su tratamiento, \u201cSITRACK\u201d puede compartir o transferir a terceros, nacionales o extranjeros, ciertos datos personales con el prop\u00f3sito primordial de cumplir con la gesti\u00f3n y ejecuci\u00f3n de las finalidades descritas, aceptando en consecuencia la transferencia de sus datos que pueden ser a las Compa\u00f1\u00edas Filiales, Afiliadas o Subsidiarias de \u201cSITRACK\u201d, Asesores Profesionales externos que act\u00faen en nombre y por cuenta de \u201cSITRACK\u201d, a Prestadores de Servicios que otorguen Soporte T\u00e9cnico, a la Gerencia de Sistemas, \u00c1rea de Calidad, \u00c1rea de Servicios, Compa\u00f1\u00edas Aseguradoras, Instituciones Financieras y, en general a cualquier tercero para el cumplimiento de las obligaciones contra\u00eddas.<\/p>\n<p data-start=\"3260\" data-end=\"3714\">En el extremo de que \u201cSITRACK\u201d comparta sus datos personales con terceros, se asegurar\u00e1 de que \u00e9stos asuman las mismas obligaciones que correspondan a \u201cSITRACK\u201d como responsable de la transferencia de datos y tomen las medidas necesarias para proteger la confidencialidad y seguridad de sus Datos Personales, as\u00ed como para que cumplan con el Aviso de privacidad y las pol\u00edticas de \u201cSITRACK\u201d o, en su caso que le d\u00e9 a conocer el nuevo Aviso de Privacidad.<\/p>\n<hr data-start=\"3716\" data-end=\"3719\" \/>\n<h3 data-start=\"3721\" data-end=\"3768\">Seguridad Respecto de sus Datos Personales.<\/h3>\n<p data-start=\"3770\" data-end=\"3998\">\u201cSITRACK\u201d, ha adoptado las medidas de seguridad administrativas, t\u00e9cnicas y f\u00edsicas necesarias para la protecci\u00f3n de su Datos Personales contra da\u00f1o, p\u00e9rdida, alteraci\u00f3n, destrucci\u00f3n o el uso, acceso o tratamiento no autorizado.<\/p>\n<hr data-start=\"4000\" data-end=\"4003\" \/>\n<h3 data-start=\"4005\" data-end=\"4041\">Respecto a sus Datos Personales.<\/h3>\n<p data-start=\"4043\" data-end=\"4467\">Como titular de los datos personales, podr\u00e1 ejercitar ante la Gerencia de Sistemas de \u201cSITRACK\u201d con la direcci\u00f3n de correo electr\u00f3nico <strong data-start=\"4178\" data-end=\"4204\"><a class=\"decorated-link cursor-pointer\" rel=\"noopener\" data-start=\"4180\" data-end=\"4202\">ingenieria@sitrack.com<\/a><\/strong>, los derechos de acceso, rectificaci\u00f3n, cancelaci\u00f3n y oposici\u00f3n establecidos por la Ley Federal de Protecci\u00f3n de Datos Personales en Posesi\u00f3n de los Particulares, salvo aquellas cancelaciones que no se podr\u00e1n efectuar en t\u00e9rminos del ordenamiento legal invocado.<\/p>\n<hr data-start=\"4469\" data-end=\"4472\" \/>\n<h3 data-start=\"4474\" data-end=\"4509\">Cambios al Aviso de privacidad.<\/h3>\n<p data-start=\"4511\" data-end=\"4830\">El presente Aviso de Privacidad as\u00ed como cualquier cambio o modificaci\u00f3n, se pondr\u00e1 a su disposici\u00f3n para su consulta a trav\u00e9s de la p\u00e1gina <strong data-start=\"4651\" data-end=\"4670\"><a class=\"decorated-link\" href=\"http:\/\/www.sitrack.com\" target=\"_new\" rel=\"noopener\" data-start=\"4653\" data-end=\"4668\">www.sitrack.com<\/a><\/strong>, de los comunicados colocados en nuestras oficinas, de aquellos que se le entreguen personalmente o por cualquier medio de comunicaci\u00f3n que tengamos con usted.<\/p>\n<p data-start=\"4832\" data-end=\"5069\">Declaro asimismo, que he le\u00eddo y se me ha hecho sabedor del contenido y alcances del Aviso de Privacidad, por lo que acepto y otorgo mi consentimiento para que mis Datos Personales sean tratados por \u201cSITRACK\u201d de conformidad con el mismo.<\/p>\n<p>[\/vc_column_text][\/vc_column][\/vc_row]<\/p>\n","protected":false},"excerpt":{"rendered":"<p>[vc_row][vc_column][vc_column_text][\/vc_column_text][vc_column_text] Pol\u00edticas de Privacidad de App Sitrack.com Argentina S.A., con domicilio en Alsina No. 2250, en Godoy Cruz, Mendoza C\u00f3digo Postal 5501, en adelante \u201cSITRACK\u201d, se [&hellip;]<\/p>\n","protected":false},"author":9,"featured_media":0,"parent":0,"menu_order":0,"comment_status":"closed","ping_status":"closed","template":"","meta":[],"yoast_head":"<!-- This site is optimized with the Yoast SEO plugin v15.5 - https:\/\/yoast.com\/wordpress\/plugins\/seo\/ -->\n<title>Pol\u00edticas de Privacidad de App - Sitrack<\/title>\n<meta name=\"robots\" content=\"index, follow, max-snippet:-1, max-image-preview:large, max-video-preview:-1\" \/>\n<link rel=\"canonical\" href=\"http:\/\/www.sitrack.com\/portal\/politicas-de-privacidad-de-app\/\" \/>\n<meta property=\"og:locale\" content=\"es_ES\" \/>\n<meta property=\"og:type\" content=\"article\" \/>\n<meta property=\"og:title\" content=\"Pol\u00edticas de Privacidad de App - Sitrack\" \/>\n<meta property=\"og:description\" content=\"[vc_row][vc_column][vc_column_text][\/vc_column_text][vc_column_text] Pol\u00edticas de Privacidad de App Sitrack.com Argentina S.A., con domicilio en Alsina No. 2250, en Godoy Cruz, Mendoza C\u00f3digo Postal 5501, en adelante \u201cSITRACK\u201d, se [&hellip;]\" \/>\n<meta property=\"og:url\" content=\"http:\/\/www.sitrack.com\/portal\/politicas-de-privacidad-de-app\/\" \/>\n<meta property=\"og:site_name\" content=\"Sitrack\" \/>\n<meta property=\"article:modified_time\" content=\"2025-11-21T12:54:29+00:00\" \/>\n<meta name=\"twitter:card\" content=\"summary\" \/>\n<meta name=\"twitter:label1\" content=\"Est. reading time\">\n\t<meta name=\"twitter:data1\" content=\"3 minutes\">\n<script type=\"application\/ld+json\" class=\"yoast-schema-graph\">{\"@context\":\"https:\/\/schema.org\",\"@graph\":[{\"@type\":\"WebSite\",\"@id\":\"https:\/\/www.sitrack.com\/portal\/#website\",\"url\":\"https:\/\/www.sitrack.com\/portal\/\",\"name\":\"Sitrack\",\"description\":\"Soluciones Inteligentes\",\"potentialAction\":[{\"@type\":\"SearchAction\",\"target\":\"https:\/\/www.sitrack.com\/portal\/?s={search_term_string}\",\"query-input\":\"required name=search_term_string\"}],\"inLanguage\":\"es-CL\"},{\"@type\":\"WebPage\",\"@id\":\"http:\/\/www.sitrack.com\/portal\/politicas-de-privacidad-de-app\/#webpage\",\"url\":\"http:\/\/www.sitrack.com\/portal\/politicas-de-privacidad-de-app\/\",\"name\":\"Pol\\u00edticas de Privacidad de App - Sitrack\",\"isPartOf\":{\"@id\":\"https:\/\/www.sitrack.com\/portal\/#website\"},\"datePublished\":\"2025-11-21T12:54:01+00:00\",\"dateModified\":\"2025-11-21T12:54:29+00:00\",\"inLanguage\":\"es-CL\",\"potentialAction\":[{\"@type\":\"ReadAction\",\"target\":[\"http:\/\/www.sitrack.com\/portal\/politicas-de-privacidad-de-app\/\"]}]}]}<\/script>\n<!-- \/ Yoast SEO plugin. -->","_links":{"self":[{"href":"https:\/\/www.sitrack.com\/portal\/wp-json\/wp\/v2\/pages\/696"}],"collection":[{"href":"https:\/\/www.sitrack.com\/portal\/wp-json\/wp\/v2\/pages"}],"about":[{"href":"https:\/\/www.sitrack.com\/portal\/wp-json\/wp\/v2\/types\/page"}],"author":[{"embeddable":true,"href":"https:\/\/www.sitrack.com\/portal\/wp-json\/wp\/v2\/users\/9"}],"replies":[{"embeddable":true,"href":"https:\/\/www.sitrack.com\/portal\/wp-json\/wp\/v2\/comments?post=696"}],"version-history":[{"count":2,"href":"https:\/\/www.sitrack.com\/portal\/wp-json\/wp\/v2\/pages\/696\/revisions"}],"predecessor-version":[{"id":698,"href":"https:\/\/www.sitrack.com\/portal\/wp-json\/wp\/v2\/pages\/696\/revisions\/698"}],"wp:attachment":[{"href":"https:\/\/www.sitrack.com\/portal\/wp-json\/wp\/v2\/media?parent=696"}],"curies":[{"name":"wp","href":"https:\/\/api.w.org\/{rel}","templated":true}]}}